{"id":48,"date":"2025-06-04T10:55:45","date_gmt":"2025-06-04T10:55:45","guid":{"rendered":"https:\/\/pbelektro.pl\/?page_id=48"},"modified":"2025-06-05T18:02:11","modified_gmt":"2025-06-05T18:02:11","slug":"oferta","status":"publish","type":"page","link":"https:\/\/pbelektro.pl\/index.php\/oferta\/","title":{"rendered":"Oferta"},"content":{"rendered":"\n<p style=\"font-size:15px\">Oferta firmy obejmuje generalne wykonawstwo lub podwykonawstwo inwestycji:<\/p>\n\n\n\n<ul class=\"wp-block-list\">\n<li style=\"font-size:15px\">instalacje elektryczne i niskopr\u0105dowe na obiektach prywatnych i przemys\u0142owych<\/li>\n\n\n\n<li style=\"font-size:15px\">pomiary elektryczne, dokumentacje odbiorowe<\/li>\n\n\n\n<li style=\"font-size:15px\">systemy przyzywowe dla obiekt\u00f3w s\u0142u\u017cby zdrowia<\/li>\n\n\n\n<li style=\"font-size:15px\">projekty elektryczne<\/li>\n\n\n\n<li style=\"font-size:15px\">prefabrykacja rozdzielni elektrycznych do 1kV<\/li>\n\n\n\n<li style=\"font-size:15px\">us\u0142ugi serwisowe gwarancyjne i pogwarancyjny<\/li>\n\n\n\n<li style=\"font-size:15px\">monta\u017c urz\u0105dze\u0144 ko\u0144cowych&nbsp;<\/li>\n\n\n\n<li style=\"font-size:15px\">systemy alarmowe, automatyka budynkowa  <\/li>\n<\/ul>\n\n\n\n<p><\/p>\n","protected":false},"excerpt":{"rendered":"<p>Oferta firmy obejmuje generalne wykonawstwo lub podwykonawstwo inwestycji:<\/p>\n","protected":false},"author":1,"featured_media":71,"parent":0,"menu_order":0,"comment_status":"closed","ping_status":"closed","template":"","meta":{"footnotes":""},"class_list":["post-48","page","type-page","status-publish","has-post-thumbnail","hentry"],"_links":{"self":[{"href":"https:\/\/pbelektro.pl\/index.php\/wp-json\/wp\/v2\/pages\/48","targetHints":{"allow":["GET"]}}],"collection":[{"href":"https:\/\/pbelektro.pl\/index.php\/wp-json\/wp\/v2\/pages"}],"about":[{"href":"https:\/\/pbelektro.pl\/index.php\/wp-json\/wp\/v2\/types\/page"}],"author":[{"embeddable":true,"href":"https:\/\/pbelektro.pl\/index.php\/wp-json\/wp\/v2\/users\/1"}],"replies":[{"embeddable":true,"href":"https:\/\/pbelektro.pl\/index.php\/wp-json\/wp\/v2\/comments?post=48"}],"version-history":[{"count":5,"href":"https:\/\/pbelektro.pl\/index.php\/wp-json\/wp\/v2\/pages\/48\/revisions"}],"predecessor-version":[{"id":90,"href":"https:\/\/pbelektro.pl\/index.php\/wp-json\/wp\/v2\/pages\/48\/revisions\/90"}],"wp:featuredmedia":[{"embeddable":true,"href":"https:\/\/pbelektro.pl\/index.php\/wp-json\/wp\/v2\/media\/71"}],"wp:attachment":[{"href":"https:\/\/pbelektro.pl\/index.php\/wp-json\/wp\/v2\/media?parent=48"}],"curies":[{"name":"wp","href":"https:\/\/api.w.org\/{rel}","templated":true}]}}