{"id":44,"date":"2025-06-04T10:54:27","date_gmt":"2025-06-04T10:54:27","guid":{"rendered":"https:\/\/pbelektro.pl\/?page_id=44"},"modified":"2025-06-04T11:34:49","modified_gmt":"2025-06-04T11:34:49","slug":"klienci-i-partnerzy","status":"publish","type":"page","link":"https:\/\/pbelektro.pl\/index.php\/klienci-i-partnerzy\/","title":{"rendered":"Klienci i Partnerzy"},"content":{"rendered":"\n<ul class=\"wp-block-list\">\n<li>Przedsi\u0119biorstwo Budowlane Kompleks<br>Krzysztof Kr\u00f3liczek i Wsp\u00f3lnicy Sp. J.<\/li>\n\n\n\n<li>THE ENGINEERS Sp. z o.o.<\/li>\n\n\n\n<li>Apritech Sp. z o.o.<\/li>\n\n\n\n<li>G\u00f3rno\u015bl\u0105skie Centrum Medyczne im. prof. Leszka Gieca \u015al\u0105skiego Uniwersytetu w Katowicach<\/li>\n\n\n\n<li>Uniwersyteckie Centrum Kliniczne im. prof. K. Gibi\u0144skiego<\/li>\n\n\n\n<li>Kontel<\/li>\n\n\n\n<li>La Cucina Ristorante<\/li>\n\n\n\n<li>Rewital-Serwis Sp. z o.o.<\/li>\n\n\n\n<li>SPECBUD Wiktor Bereda<\/li>\n\n\n\n<li>Energowent sp. j<\/li>\n\n\n\n<li>Technologie Gastronomiczne Jaros\u0142aw Ryng<\/li>\n<\/ul>\n\n\n\n<p><\/p>\n","protected":false},"excerpt":{"rendered":"","protected":false},"author":1,"featured_media":68,"parent":0,"menu_order":0,"comment_status":"closed","ping_status":"closed","template":"","meta":{"footnotes":""},"class_list":["post-44","page","type-page","status-publish","has-post-thumbnail","hentry"],"_links":{"self":[{"href":"https:\/\/pbelektro.pl\/index.php\/wp-json\/wp\/v2\/pages\/44","targetHints":{"allow":["GET"]}}],"collection":[{"href":"https:\/\/pbelektro.pl\/index.php\/wp-json\/wp\/v2\/pages"}],"about":[{"href":"https:\/\/pbelektro.pl\/index.php\/wp-json\/wp\/v2\/types\/page"}],"author":[{"embeddable":true,"href":"https:\/\/pbelektro.pl\/index.php\/wp-json\/wp\/v2\/users\/1"}],"replies":[{"embeddable":true,"href":"https:\/\/pbelektro.pl\/index.php\/wp-json\/wp\/v2\/comments?post=44"}],"version-history":[{"count":3,"href":"https:\/\/pbelektro.pl\/index.php\/wp-json\/wp\/v2\/pages\/44\/revisions"}],"predecessor-version":[{"id":67,"href":"https:\/\/pbelektro.pl\/index.php\/wp-json\/wp\/v2\/pages\/44\/revisions\/67"}],"wp:featuredmedia":[{"embeddable":true,"href":"https:\/\/pbelektro.pl\/index.php\/wp-json\/wp\/v2\/media\/68"}],"wp:attachment":[{"href":"https:\/\/pbelektro.pl\/index.php\/wp-json\/wp\/v2\/media?parent=44"}],"curies":[{"name":"wp","href":"https:\/\/api.w.org\/{rel}","templated":true}]}}